{"id":97,"date":"2021-08-27T16:18:51","date_gmt":"2021-08-27T16:18:51","guid":{"rendered":"http:\/\/entrepaginas.letras.ufmg.br\/?page_id=97"},"modified":"2025-04-18T01:41:34","modified_gmt":"2025-04-18T01:41:34","slug":"jornaizinhos","status":"publish","type":"page","link":"http:\/\/entrepaginas.letras.ufmg.br\/?page_id=97","title":{"rendered":"Jornaizinhos (3 edi\u00e7\u00f5es 2020-2021)"},"content":{"rendered":"\n<p>Os jornaizinhos s\u00e3o posteres com informa\u00e7\u00f5es sobre o projeto entre p\u00e1ginas e cont\u00e9m algumas entrevistas com pacientes e funcion\u00e1rios do hospital, indica\u00e7\u00f5es de livros e dicas de leitura do per\u00edodo de Julho\/2020 a Julho\/2021. Al\u00e9m disso, t\u00eam alguns trechos de m\u00fasica e tirinhas para divers\u00e3o e reflex\u00e3o!<\/p>\n\n\n\n<p><strong>Edi\u00e7\u00f5es:<\/strong><\/p>\n\n\n\n<div class=\"is-layout-flex wp-block-buttons\">\n<div class=\"wp-block-button has-custom-width wp-block-button__width-50\"><a class=\"wp-block-button__link has-vivid-purple-color has-text-color has-background wp-element-button\" href=\"http:\/\/entrepaginas.letras.ufmg.br\/wp-content\/uploads\/2021\/08\/Jornal-Entre-Paginas1.pdf\" style=\"background-color:#dabcee\" target=\"_blank\" rel=\"noreferrer noopener\">Jornal I: Julho de 2020<\/a><\/div>\n\n\n\n<div class=\"wp-block-button has-custom-width wp-block-button__width-50\"><a class=\"wp-block-button__link has-vivid-purple-color has-text-color has-background wp-element-button\" href=\"http:\/\/entrepaginas.letras.ufmg.br\/wp-content\/uploads\/2021\/08\/Entre-Paginas-Segundo-jornalzinho.pdf\" style=\"background-color:#dabcee\" target=\"_blank\" rel=\"noreferrer noopener\">Jornal II: Fevereiro de 2021<\/a><\/div>\n\n\n\n<div class=\"wp-block-button has-custom-width wp-block-button__width-50\"><a class=\"wp-block-button__link has-vivid-purple-color has-text-color has-background wp-element-button\" href=\"http:\/\/entrepaginas.letras.ufmg.br\/wp-content\/uploads\/2021\/08\/Terceiro-jornal-do-Entre-Paginas.pdf\" style=\"background-color:#dabcee\" target=\"_blank\" rel=\"noreferrer noopener\">Jornal III: Julho de 2021<\/a><\/div>\n<\/div>\n","protected":false},"excerpt":{"rendered":"<p>Os jornaizinhos s\u00e3o posteres com informa\u00e7\u00f5es sobre o projeto entre p\u00e1ginas e cont\u00e9m algumas entrevistas com pacientes e funcion\u00e1rios do hospital, indica\u00e7\u00f5es de livros e dicas de leitura do per\u00edodo de Julho\/2020 a Julho\/2021. Al\u00e9m disso, t\u00eam alguns trechos de m\u00fasica e tirinhas para divers\u00e3o e reflex\u00e3o! Edi\u00e7\u00f5es:<\/p>\n","protected":false},"author":1,"featured_media":0,"parent":0,"menu_order":4,"comment_status":"closed","ping_status":"closed","template":"","meta":[],"_links":{"self":[{"href":"http:\/\/entrepaginas.letras.ufmg.br\/index.php?rest_route=\/wp\/v2\/pages\/97"}],"collection":[{"href":"http:\/\/entrepaginas.letras.ufmg.br\/index.php?rest_route=\/wp\/v2\/pages"}],"about":[{"href":"http:\/\/entrepaginas.letras.ufmg.br\/index.php?rest_route=\/wp\/v2\/types\/page"}],"author":[{"embeddable":true,"href":"http:\/\/entrepaginas.letras.ufmg.br\/index.php?rest_route=\/wp\/v2\/users\/1"}],"replies":[{"embeddable":true,"href":"http:\/\/entrepaginas.letras.ufmg.br\/index.php?rest_route=%2Fwp%2Fv2%2Fcomments&post=97"}],"version-history":[{"count":10,"href":"http:\/\/entrepaginas.letras.ufmg.br\/index.php?rest_route=\/wp\/v2\/pages\/97\/revisions"}],"predecessor-version":[{"id":938,"href":"http:\/\/entrepaginas.letras.ufmg.br\/index.php?rest_route=\/wp\/v2\/pages\/97\/revisions\/938"}],"wp:attachment":[{"href":"http:\/\/entrepaginas.letras.ufmg.br\/index.php?rest_route=%2Fwp%2Fv2%2Fmedia&parent=97"}],"curies":[{"name":"wp","href":"https:\/\/api.w.org\/{rel}","templated":true}]}}