{"id":397,"date":"2022-09-20T01:02:32","date_gmt":"2022-09-20T01:02:32","guid":{"rendered":"http:\/\/entrepaginas.letras.ufmg.br\/?page_id=397"},"modified":"2025-10-13T17:45:20","modified_gmt":"2025-10-13T17:45:20","slug":"atelies-de-empaginacao","status":"publish","type":"page","link":"http:\/\/entrepaginas.letras.ufmg.br\/?page_id=397","title":{"rendered":"Ateli\u00eas de Empagina\u00e7\u00e3o"},"content":{"rendered":"\n<p>Os ateli\u00eas de empagina\u00e7\u00e3o s\u00e3o eventos promovidos dentro da Faculdade de Letras da UFMG e de outros espa\u00e7os de Belo Horizonte cujo objetivo \u00e9 formar empaginadores volunt\u00e1rios, possibilitando assim a entrada e circula\u00e7\u00e3o de livros dentro do Hospital das Cl\u00ednicas da UFMG.<\/p>\n\n\n\n<p>Confira abaixo mais informa\u00e7\u00f5es sobre cada ateli\u00ea promovido pelo nosso projeto:<\/p>\n\n\n\n<p><\/p>\n\n\n\n<div class=\"is-layout-flex wp-block-buttons\">\n<div class=\"wp-block-button is-style-outline\"><a class=\"wp-block-button__link has-white-background-color has-background wp-element-button\" href=\"http:\/\/entrepaginas.letras.ufmg.br\/?p=435\" target=\"_blank\" rel=\"noreferrer noopener\">Ateli\u00ea I<\/a><\/div>\n\n\n\n<div class=\"wp-block-button is-style-outline\"><a class=\"wp-block-button__link wp-element-button\" href=\"http:\/\/entrepaginas.letras.ufmg.br\/?p=929\" target=\"_blank\" rel=\"noreferrer noopener\">Ateli\u00ea II<\/a><\/div>\n\n\n\n<div class=\"wp-block-button is-style-outline\"><a class=\"wp-block-button__link wp-element-button\" href=\"http:\/\/entrepaginas.letras.ufmg.br\/?p=438\" target=\"_blank\" rel=\"noreferrer noopener\">Ateli\u00ea III<\/a><\/div>\n\n\n\n<div class=\"wp-block-button is-style-outline\"><a class=\"wp-block-button__link wp-element-button\" href=\"http:\/\/entrepaginas.letras.ufmg.br\/?p=440\" target=\"_blank\" rel=\"noreferrer noopener\">Ateli\u00ea IV<\/a><\/div>\n\n\n\n<div class=\"wp-block-button is-style-outline\"><a class=\"wp-block-button__link wp-element-button\" href=\"http:\/\/entrepaginas.letras.ufmg.br\/?p=442\" target=\"_blank\" rel=\"noreferrer noopener\">Ateli\u00ea V<\/a><\/div>\n\n\n\n<div class=\"wp-block-button is-style-outline\"><a class=\"wp-block-button__link wp-element-button\" href=\"http:\/\/entrepaginas.letras.ufmg.br\/?p=450\" target=\"_blank\" rel=\"noreferrer noopener\">Ateli\u00ea VI<\/a><\/div>\n\n\n\n<div class=\"wp-block-button is-style-outline\"><a class=\"wp-block-button__link wp-element-button\" href=\"http:\/\/entrepaginas.letras.ufmg.br\/?p=450\" target=\"_blank\" rel=\"noreferrer noopener\">Ateli\u00ea VII<\/a><\/div>\n\n\n\n<div class=\"wp-block-button is-style-outline\"><a class=\"wp-block-button__link wp-element-button\" href=\"http:\/\/entrepaginas.letras.ufmg.br\/?p=452\" target=\"_blank\" rel=\"noreferrer noopener\">Ateli\u00ea VIII<\/a><\/div>\n\n\n\n<div class=\"wp-block-button is-style-outline\"><a class=\"wp-block-button__link wp-element-button\" href=\"http:\/\/entrepaginas.letras.ufmg.br\/?p=454\" target=\"_blank\" rel=\"noreferrer noopener\">Ateli\u00ea IX<\/a><\/div>\n\n\n\n<div class=\"wp-block-button is-style-outline\"><a class=\"wp-block-button__link wp-element-button\" href=\"http:\/\/entrepaginas.letras.ufmg.br\/?p=475\" target=\"_blank\" rel=\"noreferrer noopener\">Ateli\u00ea X<\/a><\/div>\n\n\n\n<div class=\"wp-block-button is-style-outline\"><a class=\"wp-block-button__link wp-element-button\" href=\"http:\/\/entrepaginas.letras.ufmg.br\/?p=501\" target=\"_blank\" rel=\"noreferrer noopener\">Ateli\u00ea XI<\/a><\/div>\n\n\n\n<div class=\"wp-block-button is-style-outline\"><a class=\"wp-block-button__link wp-element-button\" href=\"http:\/\/entrepaginas.letras.ufmg.br\/?p=518\" target=\"_blank\" rel=\"noreferrer noopener\">Ateli\u00ea XII<\/a><\/div>\n\n\n\n<div class=\"wp-block-button is-style-outline\"><a class=\"wp-block-button__link wp-element-button\" href=\"http:\/\/entrepaginas.letras.ufmg.br\/?p=526\" target=\"_blank\" rel=\"noreferrer noopener\">Ateli\u00ea XIII<\/a><\/div>\n\n\n\n<div class=\"wp-block-button is-style-outline\"><a class=\"wp-block-button__link wp-element-button\" href=\"http:\/\/entrepaginas.letras.ufmg.br\/?p=536\" target=\"_blank\" rel=\"noreferrer noopener\">Ateli\u00ea XIV<\/a><\/div>\n\n\n\n<div class=\"wp-block-button is-style-outline\"><a class=\"wp-block-button__link wp-element-button\" href=\"http:\/\/entrepaginas.letras.ufmg.br\/?p=546\" target=\"_blank\" rel=\"noreferrer noopener\">Ateli\u00ea XV<\/a><\/div>\n\n\n\n<div class=\"wp-block-button is-style-outline\"><a class=\"wp-block-button__link wp-element-button\" href=\"http:\/\/entrepaginas.letras.ufmg.br\/?p=557\" target=\"_blank\" rel=\"noreferrer noopener\">Ateli\u00ea XVI<\/a><\/div>\n\n\n\n<div class=\"wp-block-button is-style-outline\"><a class=\"wp-block-button__link wp-element-button\" href=\"http:\/\/entrepaginas.letras.ufmg.br\/?p=567\" target=\"_blank\" rel=\"noreferrer noopener\">Ateli\u00ea XVII<\/a><\/div>\n\n\n\n<div class=\"wp-block-button is-style-outline\"><a class=\"wp-block-button__link wp-element-button\" href=\"http:\/\/entrepaginas.letras.ufmg.br\/?p=579\" target=\"_blank\" rel=\"noreferrer noopener\">Ateli\u00ea XVIII<\/a><\/div>\n\n\n\n<div class=\"wp-block-button is-style-outline\"><a class=\"wp-block-button__link wp-element-button\" href=\"http:\/\/entrepaginas.letras.ufmg.br\/?p=586\" target=\"_blank\" rel=\"noreferrer noopener\">Ateli\u00ea XIX<\/a><\/div>\n\n\n\n<div class=\"wp-block-button is-style-outline\"><a class=\"wp-block-button__link wp-element-button\" href=\"http:\/\/entrepaginas.letras.ufmg.br\/?p=598\" target=\"_blank\" rel=\"noreferrer noopener\">Ateli\u00ea XX<\/a><\/div>\n\n\n\n<div class=\"wp-block-button is-style-outline\"><a class=\"wp-block-button__link wp-element-button\" href=\"http:\/\/entrepaginas.letras.ufmg.br\/?p=626\" target=\"_blank\" rel=\"noreferrer noopener\">Ateli\u00ea XXI<\/a><\/div>\n\n\n\n<div class=\"wp-block-button is-style-outline\"><a class=\"wp-block-button__link wp-element-button\" href=\"http:\/\/entrepaginas.letras.ufmg.br\/?p=630\" target=\"_blank\" rel=\"noreferrer noopener\">Ateli\u00ea XXII<\/a><\/div>\n\n\n\n<div class=\"wp-block-button is-style-outline\"><a class=\"wp-block-button__link wp-element-button\" href=\"http:\/\/entrepaginas.letras.ufmg.br\/?p=666\" target=\"_blank\" rel=\"noreferrer noopener\">Ateli\u00ea XXIII<\/a><\/div>\n\n\n\n<div class=\"wp-block-button is-style-outline\"><a class=\"wp-block-button__link wp-element-button\" href=\"http:\/\/entrepaginas.letras.ufmg.br\/?p=673\" target=\"_blank\" rel=\"noreferrer noopener\">Ateli\u00ea XXIV<\/a><\/div>\n\n\n\n<div class=\"wp-block-button is-style-outline\"><a class=\"wp-block-button__link wp-element-button\" href=\"http:\/\/entrepaginas.letras.ufmg.br\/?p=682\" target=\"_blank\" rel=\"noreferrer noopener\">Ateli\u00ea XXV<\/a><\/div>\n\n\n\n<div class=\"wp-block-button is-style-outline\"><a class=\"wp-block-button__link wp-element-button\" href=\"http:\/\/entrepaginas.letras.ufmg.br\/?p=689\" target=\"_blank\" rel=\"noreferrer noopener\">Ateli\u00ea XXVI<\/a><\/div>\n\n\n\n<div class=\"wp-block-button is-style-outline\"><a class=\"wp-block-button__link wp-element-button\" href=\"http:\/\/entrepaginas.letras.ufmg.br\/?p=721\" target=\"_blank\" rel=\"noreferrer noopener\">Ateli\u00ea XXVII<\/a><\/div>\n\n\n\n<div class=\"wp-block-button is-style-outline\"><a class=\"wp-block-button__link wp-element-button\" href=\"http:\/\/entrepaginas.letras.ufmg.br\/?p=724\" target=\"_blank\" rel=\"noreferrer noopener\">Ateli\u00ea XXVIII<\/a><\/div>\n\n\n\n<div class=\"wp-block-button is-style-outline\"><a class=\"wp-block-button__link wp-element-button\" href=\"http:\/\/entrepaginas.letras.ufmg.br\/?p=733\" target=\"_blank\" rel=\"noreferrer noopener\">Ateli\u00ea XXIX<\/a><\/div>\n\n\n\n<div class=\"wp-block-button is-style-outline\"><a class=\"wp-block-button__link wp-element-button\" href=\"http:\/\/entrepaginas.letras.ufmg.br\/?p=726\" target=\"_blank\" rel=\"noreferrer noopener\">Ateli\u00ea XXX<\/a><\/div>\n\n\n\n<div class=\"wp-block-button is-style-outline\"><a class=\"wp-block-button__link wp-element-button\" href=\"http:\/\/entrepaginas.letras.ufmg.br\/?p=729\" target=\"_blank\" rel=\"noreferrer noopener\">Ateli\u00ea XXXI<\/a><\/div>\n\n\n\n<div class=\"wp-block-button is-style-outline\"><a class=\"wp-block-button__link wp-element-button\" href=\"http:\/\/entrepaginas.letras.ufmg.br\/?p=731\" target=\"_blank\" rel=\"noreferrer noopener\">Ateli\u00ea XXXII<\/a><\/div>\n\n\n\n<div class=\"wp-block-button is-style-outline\"><a class=\"wp-block-button__link wp-element-button\" href=\"http:\/\/entrepaginas.letras.ufmg.br\/?p=779\" target=\"_blank\" rel=\"noreferrer noopener\">Ateli\u00ea XXXIII<\/a><\/div>\n\n\n\n<div class=\"wp-block-button is-style-outline\"><a class=\"wp-block-button__link wp-element-button\" href=\"http:\/\/entrepaginas.letras.ufmg.br\/?p=783\" target=\"_blank\" rel=\"noreferrer noopener\">Ateli\u00ea XXXIV<\/a><\/div>\n\n\n\n<div class=\"wp-block-button is-style-outline\"><a class=\"wp-block-button__link wp-element-button\" href=\"http:\/\/entrepaginas.letras.ufmg.br\/?p=806\" target=\"_blank\" rel=\"noreferrer noopener\">Ateli\u00ea XXXV<\/a><\/div>\n\n\n\n<div class=\"wp-block-button is-style-outline\"><a class=\"wp-block-button__link wp-element-button\" href=\"http:\/\/entrepaginas.letras.ufmg.br\/?p=830\" target=\"_blank\" rel=\"noreferrer noopener\">Ateli\u00ea XXXVI<\/a><\/div>\n\n\n\n<div class=\"wp-block-button is-style-outline\"><a class=\"wp-block-button__link wp-element-button\" href=\"http:\/\/entrepaginas.letras.ufmg.br\/?p=982\" target=\"_blank\" rel=\"noreferrer noopener\">Ateli\u00ea XXXVII<\/a><\/div>\n\n\n\n<div class=\"wp-block-button is-style-outline\"><a class=\"wp-block-button__link wp-element-button\" href=\"http:\/\/entrepaginas.letras.ufmg.br\/?p=1002\" target=\"_blank\" rel=\"noreferrer noopener\">Ateli\u00ea XXXVIII<\/a><\/div>\n\n\n\n<div class=\"wp-block-button is-style-outline\"><a class=\"wp-block-button__link wp-element-button\" href=\"http:\/\/entrepaginas.letras.ufmg.br\/?p=1021\" target=\"_blank\" rel=\"noreferrer noopener\">Ateli\u00ea XXXIX<\/a><\/div>\n<\/div>\n\n\n\n<div class=\"is-content-justification-center is-layout-flex wp-container-2 wp-block-buttons\"><\/div>\n\n\n\n<div class=\"is-layout-flex wp-block-buttons\"><\/div>\n\n\n\n<div class=\"is-layout-flex wp-block-buttons\"><\/div>\n","protected":false},"excerpt":{"rendered":"<p>Os ateli\u00eas de empagina\u00e7\u00e3o s\u00e3o eventos promovidos dentro da Faculdade de Letras da UFMG e de outros espa\u00e7os de Belo Horizonte cujo objetivo \u00e9 formar empaginadores volunt\u00e1rios, possibilitando assim a entrada e circula\u00e7\u00e3o de livros dentro do Hospital das Cl\u00ednicas da UFMG. Confira abaixo mais informa\u00e7\u00f5es sobre cada ateli\u00ea promovido pelo nosso projeto:<\/p>\n","protected":false},"author":1,"featured_media":0,"parent":0,"menu_order":0,"comment_status":"closed","ping_status":"closed","template":"","meta":[],"_links":{"self":[{"href":"http:\/\/entrepaginas.letras.ufmg.br\/index.php?rest_route=\/wp\/v2\/pages\/397"}],"collection":[{"href":"http:\/\/entrepaginas.letras.ufmg.br\/index.php?rest_route=\/wp\/v2\/pages"}],"about":[{"href":"http:\/\/entrepaginas.letras.ufmg.br\/index.php?rest_route=\/wp\/v2\/types\/page"}],"author":[{"embeddable":true,"href":"http:\/\/entrepaginas.letras.ufmg.br\/index.php?rest_route=\/wp\/v2\/users\/1"}],"replies":[{"embeddable":true,"href":"http:\/\/entrepaginas.letras.ufmg.br\/index.php?rest_route=%2Fwp%2Fv2%2Fcomments&post=397"}],"version-history":[{"count":40,"href":"http:\/\/entrepaginas.letras.ufmg.br\/index.php?rest_route=\/wp\/v2\/pages\/397\/revisions"}],"predecessor-version":[{"id":1027,"href":"http:\/\/entrepaginas.letras.ufmg.br\/index.php?rest_route=\/wp\/v2\/pages\/397\/revisions\/1027"}],"wp:attachment":[{"href":"http:\/\/entrepaginas.letras.ufmg.br\/index.php?rest_route=%2Fwp%2Fv2%2Fmedia&parent=397"}],"curies":[{"name":"wp","href":"https:\/\/api.w.org\/{rel}","templated":true}]}}