{"id":319,"date":"2021-08-27T17:02:22","date_gmt":"2021-08-27T17:02:22","guid":{"rendered":"http:\/\/entrepaginas.letras.ufmg.br\/?page_id=319"},"modified":"2025-05-14T20:37:08","modified_gmt":"2025-05-14T20:37:08","slug":"historico","status":"publish","type":"page","link":"http:\/\/entrepaginas.letras.ufmg.br\/?page_id=319","title":{"rendered":"Hist\u00f3rico"},"content":{"rendered":"\n<p><strong>Organiza\u00e7\u00e3o de mesa<\/strong>:<\/p>\n\n\n\n<p>04 de novembro de 2020: Mesa Leitura em Hospitais no Semin\u00e1rios Te\u00f3ricos Interdisciplinares do SEMIOTEC (STIS)<\/p>\n\n\n\n<p><\/p>\n\n\n\n<p><strong>Participa\u00e7\u00e3o em eventos:<\/strong><\/p>\n\n\n\n<p>04 a 10 de julho de 2024: apresenta\u00e7\u00e3o do projeto no Congresso Internacional de Educa\u00e7\u00e3o e Tecnologias e de Educa\u00e7\u00e3o a Dist\u00e2ncia (CIET 2024).<\/p>\n\n\n\n<p>25 a 27 de abril de 2023: apresenta\u00e7\u00e3o do projeto no I Congresso Internacional Multidisciplinar de Educa\u00e7\u00e3o.<\/p>\n\n\n\n<p>04 de outubro de 2022: apresenta\u00e7\u00e3o da bolsista Anna Carla na Semana da Extens\u00e3o, parte da Semana do Conhecimento da UFMG.<\/p>\n\n\n\n<p>10 de mar\u00e7o de 2022: apresenta\u00e7\u00e3o no I Semin\u00e1rio de Pedagogia Hospitalar, organizado pela UEMG.<\/p>\n\n\n\n<p>08 a 11 de mar\u00e7o de 2021: Apresenta\u00e7\u00e3o no 9\u00ba CBEU &#8211; Congresso Brasileiro de Extens\u00e3o Universit\u00e1ria: Redes para Promover e Defender os Direitos Humanos<\/p>\n\n\n\n<p>01 a 04 de outubro de 2019: Apresenta\u00e7\u00e3o no evento Jogo do Livro (FAE\/UFMG).<\/p>\n\n\n\n<p>20 de setembro de 2019: Apresenta\u00e7\u00e3o no UFMG Jovem.<\/p>\n\n\n\n<p>06 de julho de 2019: Exposi\u00e7\u00e3o no Dia da Ci\u00eancia.<\/p>\n\n\n\n<p><\/p>\n\n\n\n<p><strong>Visita ao Hospital das Cl\u00ednicas da UFMG durante a pandemia:<\/strong><\/p>\n\n\n\n<p>13 de setembro de 2020<\/p>\n\n\n\n<p><\/p>\n\n\n\n<p><strong>Ateli\u00ea de &#8220;Empagina\u00e7\u00e3o&#8221; (todas as edi\u00e7\u00f5es constam na se\u00e7\u00e3o <em>Ateli\u00eas de Empagina\u00e7\u00e3o<\/em> deste Website):<\/strong><\/p>\n\n\n\n<p>13 de maio de 2025 (FALE\/UFMG);<\/p>\n\n\n\n<p>15 de abril de 2025 (FALE\/UFMG);<\/p>\n\n\n\n<p>25 de mar\u00e7o de 2025 (FALE\/UFMG);<\/p>\n\n\n\n<p>20 de janeiro de 2025 (FALE\/UFMG);<\/p>\n\n\n\n<p>07 de janeiro de 2025 (FALE\/UFMG);<\/p>\n\n\n\n<p>16 de dezembro de 2024 (FALE\/UFMG);<\/p>\n\n\n\n<p>03 de dezembro de 2024 (FALE\/UFMG);<\/p>\n\n\n\n<p>18 de novembro de 2024 (FALE\/UFMG);<\/p>\n\n\n\n<p>05 de novembro de 2024 (FALE\/UFMG);<\/p>\n\n\n\n<p>29 de outubro de 2024 (FALE\/UFMG);<\/p>\n\n\n\n<p>15 de outubro de 2024 (FALE\/UFMG);<\/p>\n\n\n\n<p>12 de agosto de 2024 (FALE\/UFMG);<\/p>\n\n\n\n<p>02 de agosto de 2024 (FALE\/UFMG);<\/p>\n\n\n\n<p>10 de julho de 2024 (FALE\/UFMG);<\/p>\n\n\n\n<p>05 de julho de 2024 (FALE\/UFMG);<\/p>\n\n\n\n<p>24 de junho de 2024 (FALE\/UFMG);<\/p>\n\n\n\n<p>02 de abril de 2024 (FALE\/UFMG);<\/p>\n\n\n\n<p>6 de dezembro de 2023 (FALE\/UFMG);<\/p>\n\n\n\n<p>13 de novembro de 2023 (FALE\/UFMG);<\/p>\n\n\n\n<p>31 de outubro de 2023 (FALE\/UFMG);<\/p>\n\n\n\n<p>27 de setembro de 2023 (FALE\/UFMG);<\/p>\n\n\n\n<p>26 de setembro de 2023 (FALE\/UFMG);<\/p>\n\n\n\n<p>29 de agosto de 2023 (FALE\/UFMG);<\/p>\n\n\n\n<p>27 de junho de 2023 (FALE\/UFMG);<\/p>\n\n\n\n<p>25 de maio de 2023 (FALE\/UFMG);<\/p>\n\n\n\n<p>26 de abril de 2023 (FALE\/UFMG);<\/p>\n\n\n\n<p>18 de abril de 2023 (FALE\/UFMG);<\/p>\n\n\n\n<p>03 de novembro de 2022 (FALE\/UFMG);<\/p>\n\n\n\n<p>06 de outubro de 2022 (FALE\/UFMG);<\/p>\n\n\n\n<p>02 de junho de 2022 (FALE\/UFMG);<\/p>\n\n\n\n<p>13 de setembro de 2019 (FALE\/UFMG);<\/p>\n\n\n\n<p>12 de setembro de 2019 (FALE\/UFMG);<\/p>\n\n\n\n<p>06 de julho de 2019 (Dia da ci\u00eancia no Centro de refer\u00eancia da Juventude, Belo Horizonte);<\/p>\n\n\n\n<p>17 de junho de 2019 (Instituto Alves Ribeiro, Belo Horizonte);<\/p>\n\n\n\n<p>23 de abril de 2019 (FALE\/UFMG);<\/p>\n\n\n\n<p>27 de mar\u00e7o de 2019 (FALE\/UFMG).<\/p>\n\n\n\n<p><\/p>\n\n\n\n<p><strong>Reportagem da TV UFMG sobre o projeto (2019):<\/strong><\/p>\n\n\n\n<pre class=\"wp-block-code\"><code><iframe loading=\"lazy\" width=\"560\" height=\"315\" src=\"https:\/\/www.youtube.com\/embed\/znxW9MrufRg\" title=\"YouTube video player\" frameborder=\"0\" allow=\"accelerometer; autoplay; clipboard-write; encrypted-media; gyroscope; picture-in-picture; web-share\" allowfullscreen=\"\"><\/iframe><\/code><\/pre>\n\n\n<p><strong>Reportagem da TV UFMG sobre o projeto (2024):<\/strong><\/p>\n\n\n<pre class=\"wp-block-code\"><code><iframe loading=\"lazy\" width=\"560\" height=\"315\" src=\"https:\/\/www.youtube.com\/embed\/0W8yoNIqAi0?si=2WPi8h0i8EhAxORs\" title=\"YouTube video player\" frameborder=\"0\" allow=\"accelerometer; autoplay; clipboard-write; encrypted-media; gyroscope; picture-in-picture; web-share\" referrerpolicy=\"strict-origin-when-cross-origin\" allowfullscreen=\"\"><\/iframe><\/code><\/pre>\n\n\n\n<p><strong>Entrevista para a r\u00e1dio Terceiro Andar (10\/07\/2023):<\/strong><\/p>\n\n\n\n<figure class=\"wp-block-embed is-type-rich is-provider-spotify wp-block-embed-spotify wp-embed-aspect-21-9 wp-has-aspect-ratio\"><div class=\"wp-block-embed__wrapper\">\n<iframe title=\"Spotify Embed: [P\u00edlulas de Extens\u00e3o] Entre P\u00e1ginas- 13\u00aa Temporada\" style=\"border-radius: 12px\" width=\"100%\" height=\"152\" frameborder=\"0\" allowfullscreen allow=\"autoplay; clipboard-write; encrypted-media; fullscreen; picture-in-picture\" loading=\"lazy\" src=\"https:\/\/open.spotify.com\/embed\/episode\/4Ca6LhNvwV71anE3yy7jmF?utm_source=oembed\"><\/iframe>\n<\/div><\/figure>\n\n\n\n<p><strong>Entrevista para a R\u00e1dio Educativa UFMG, Universo Liter\u00e1rio (2023):<\/strong><\/p>\n\n\n\n<figure class=\"wp-block-embed is-type-rich is-provider-soundcloud wp-block-embed-soundcloud\"><div class=\"wp-block-embed__wrapper\">\n<iframe loading=\"lazy\" title=\"Conhe\u00e7a o Entre P\u00e1ginas, projeto de leitura mediada para crian\u00e7as e adolescentes no HC UFMG by R\u00e1dio UFMG Educativa\" width=\"925\" height=\"400\" scrolling=\"no\" frameborder=\"no\" src=\"https:\/\/w.soundcloud.com\/player\/?visual=true&#038;url=https%3A%2F%2Fapi.soundcloud.com%2Ftracks%2F1608098418&#038;show_artwork=true&#038;maxheight=1000&#038;maxwidth=925\"><\/iframe>\n<\/div><\/figure>\n\n\n\n<figure class=\"wp-block-embed is-type-rich is-provider-spotify wp-block-embed-spotify wp-embed-aspect-21-9 wp-has-aspect-ratio\"><div class=\"wp-block-embed__wrapper\">\n<iframe title=\"Spotify Embed: Projeto Ensinar l\u00edngua portuguesa a adolescentes em unidades socioeducativas e Projeto Entre P\u00e1ginas: leitura para crian\u00e7as e adolescentes em hospitais \" style=\"border-radius: 12px\" width=\"100%\" height=\"152\" frameborder=\"0\" allowfullscreen allow=\"autoplay; clipboard-write; encrypted-media; fullscreen; picture-in-picture\" loading=\"lazy\" src=\"https:\/\/open.spotify.com\/embed\/episode\/6YjBoh7eDUGOhQVdQ24vsv?utm_source=oembed\"><\/iframe>\n<\/div><\/figure>\n","protected":false},"excerpt":{"rendered":"<p>Organiza\u00e7\u00e3o de mesa: 04 de novembro de 2020: Mesa Leitura em Hospitais no Semin\u00e1rios Te\u00f3ricos Interdisciplinares do SEMIOTEC (STIS) Participa\u00e7\u00e3o em eventos: 04 a 10 de julho de 2024: apresenta\u00e7\u00e3o do projeto no Congresso Internacional de Educa\u00e7\u00e3o e Tecnologias e de Educa\u00e7\u00e3o a Dist\u00e2ncia (CIET 2024). 25 a 27 de abril de 2023: apresenta\u00e7\u00e3o do &hellip; <\/p>\n","protected":false},"author":1,"featured_media":0,"parent":0,"menu_order":0,"comment_status":"closed","ping_status":"closed","template":"","meta":[],"_links":{"self":[{"href":"http:\/\/entrepaginas.letras.ufmg.br\/index.php?rest_route=\/wp\/v2\/pages\/319"}],"collection":[{"href":"http:\/\/entrepaginas.letras.ufmg.br\/index.php?rest_route=\/wp\/v2\/pages"}],"about":[{"href":"http:\/\/entrepaginas.letras.ufmg.br\/index.php?rest_route=\/wp\/v2\/types\/page"}],"author":[{"embeddable":true,"href":"http:\/\/entrepaginas.letras.ufmg.br\/index.php?rest_route=\/wp\/v2\/users\/1"}],"replies":[{"embeddable":true,"href":"http:\/\/entrepaginas.letras.ufmg.br\/index.php?rest_route=%2Fwp%2Fv2%2Fcomments&post=319"}],"version-history":[{"count":29,"href":"http:\/\/entrepaginas.letras.ufmg.br\/index.php?rest_route=\/wp\/v2\/pages\/319\/revisions"}],"predecessor-version":[{"id":989,"href":"http:\/\/entrepaginas.letras.ufmg.br\/index.php?rest_route=\/wp\/v2\/pages\/319\/revisions\/989"}],"wp:attachment":[{"href":"http:\/\/entrepaginas.letras.ufmg.br\/index.php?rest_route=%2Fwp%2Fv2%2Fmedia&parent=319"}],"curies":[{"name":"wp","href":"https:\/\/api.w.org\/{rel}","templated":true}]}}