{"id":17,"date":"2020-06-02T18:21:48","date_gmt":"2020-06-02T18:21:48","guid":{"rendered":"http:\/\/entrepaginas.letras.ufmg.br\/?page_id=17"},"modified":"2025-04-18T18:40:15","modified_gmt":"2025-04-18T18:40:15","slug":"inicial","status":"publish","type":"page","link":"http:\/\/entrepaginas.letras.ufmg.br\/","title":{"rendered":"Entre P\u00e1ginas"},"content":{"rendered":"\n<p class=\"has-very-dark-gray-color has-text-color\">Bem-vindo ao nosso site!&nbsp;<\/p>\n\n\n\n<p class=\"has-very-dark-gray-color has-text-color\">O \u201cEntre P\u00e1ginas\u201d \u00e9 um projeto de dissemina\u00e7\u00e3o de leitura liter\u00e1ria em ambiente hospitalar. \u00c9 coordenado pela Faculdade de Letras da Universidade Federal de Minas Gerais (FALE\/UFMG) e pelo Hospital de Cl\u00ednicas da UFMG localizado na Av. Prof. Alfredo Balena, 110 &#8211; Santa Efig\u00eania, Belo Horizonte. O projeto, no per\u00edodo de pandemia, atuou com atividades e a\u00e7\u00f5es online, como o envio de audiolivros que s\u00e3o apresentados pela equipe de enfermagem \u00e0s crian\u00e7as internadas na ala pedi\u00e1trica do Hospital das Cl\u00ednicas. Atualmente, o projeto est\u00e1 em sua fase presencial e atua atrav\u00e9s de media\u00e7\u00f5es de leitura no leito e ateli\u00eas de empagina\u00e7\u00e3o dentro da Fale.<\/p>\n\n\n<div class=\"wp-block-image\">\n<figure class=\"aligncenter size-large\"><img decoding=\"async\" loading=\"lazy\" width=\"1024\" height=\"766\" src=\"http:\/\/entrepaginas.letras.ufmg.br\/wp-content\/uploads\/2024\/08\/WhatsApp-Image-2024-06-25-at-08.49.19-1-1024x766.jpeg\" alt=\"\" class=\"wp-image-650\" srcset=\"http:\/\/entrepaginas.letras.ufmg.br\/wp-content\/uploads\/2024\/08\/WhatsApp-Image-2024-06-25-at-08.49.19-1-1024x766.jpeg 1024w, http:\/\/entrepaginas.letras.ufmg.br\/wp-content\/uploads\/2024\/08\/WhatsApp-Image-2024-06-25-at-08.49.19-1-300x224.jpeg 300w, http:\/\/entrepaginas.letras.ufmg.br\/wp-content\/uploads\/2024\/08\/WhatsApp-Image-2024-06-25-at-08.49.19-1-768x575.jpeg 768w, http:\/\/entrepaginas.letras.ufmg.br\/wp-content\/uploads\/2024\/08\/WhatsApp-Image-2024-06-25-at-08.49.19-1-1536x1149.jpeg 1536w, http:\/\/entrepaginas.letras.ufmg.br\/wp-content\/uploads\/2024\/08\/WhatsApp-Image-2024-06-25-at-08.49.19-1-80x60.jpeg 80w, http:\/\/entrepaginas.letras.ufmg.br\/wp-content\/uploads\/2024\/08\/WhatsApp-Image-2024-06-25-at-08.49.19-1.jpeg 1600w\" sizes=\"(max-width: 1024px) 100vw, 1024px\" \/><figcaption class=\"wp-element-caption\">XXI Ateli\u00ea de Empagina\u00e7\u00e3o na FALE UFMG, 2024<\/figcaption><\/figure><\/div>\n\n<div class=\"wp-block-image\">\n<figure class=\"aligncenter size-large\"><img decoding=\"async\" loading=\"lazy\" width=\"768\" height=\"1024\" src=\"http:\/\/entrepaginas.letras.ufmg.br\/wp-content\/uploads\/2022\/09\/WhatsApp-Image-2022-09-22-at-20.15.59-768x1024.jpeg\" alt=\"\" class=\"wp-image-414\" srcset=\"http:\/\/entrepaginas.letras.ufmg.br\/wp-content\/uploads\/2022\/09\/WhatsApp-Image-2022-09-22-at-20.15.59-768x1024.jpeg 768w, http:\/\/entrepaginas.letras.ufmg.br\/wp-content\/uploads\/2022\/09\/WhatsApp-Image-2022-09-22-at-20.15.59-225x300.jpeg 225w, http:\/\/entrepaginas.letras.ufmg.br\/wp-content\/uploads\/2022\/09\/WhatsApp-Image-2022-09-22-at-20.15.59-1152x1536.jpeg 1152w, http:\/\/entrepaginas.letras.ufmg.br\/wp-content\/uploads\/2022\/09\/WhatsApp-Image-2022-09-22-at-20.15.59-45x60.jpeg 45w, http:\/\/entrepaginas.letras.ufmg.br\/wp-content\/uploads\/2022\/09\/WhatsApp-Image-2022-09-22-at-20.15.59.jpeg 1200w\" sizes=\"(max-width: 768px) 100vw, 768px\" \/><figcaption class=\"wp-element-caption\">Media\u00e7\u00e3o de leitura ao leito do paciente, Hospital das Cl\u00ednicas UFMG<\/figcaption><\/figure><\/div>\n\n<div class=\"wp-block-image\">\n<figure class=\"aligncenter size-large\"><img decoding=\"async\" loading=\"lazy\" width=\"1024\" height=\"768\" src=\"http:\/\/entrepaginas.letras.ufmg.br\/wp-content\/uploads\/2022\/09\/WhatsApp-Image-2022-09-22-at-20.15.59-1-1024x768.jpeg\" alt=\"\" class=\"wp-image-413\" srcset=\"http:\/\/entrepaginas.letras.ufmg.br\/wp-content\/uploads\/2022\/09\/WhatsApp-Image-2022-09-22-at-20.15.59-1-1024x768.jpeg 1024w, http:\/\/entrepaginas.letras.ufmg.br\/wp-content\/uploads\/2022\/09\/WhatsApp-Image-2022-09-22-at-20.15.59-1-300x225.jpeg 300w, http:\/\/entrepaginas.letras.ufmg.br\/wp-content\/uploads\/2022\/09\/WhatsApp-Image-2022-09-22-at-20.15.59-1-768x576.jpeg 768w, http:\/\/entrepaginas.letras.ufmg.br\/wp-content\/uploads\/2022\/09\/WhatsApp-Image-2022-09-22-at-20.15.59-1-1536x1152.jpeg 1536w, http:\/\/entrepaginas.letras.ufmg.br\/wp-content\/uploads\/2022\/09\/WhatsApp-Image-2022-09-22-at-20.15.59-1-80x60.jpeg 80w, http:\/\/entrepaginas.letras.ufmg.br\/wp-content\/uploads\/2022\/09\/WhatsApp-Image-2022-09-22-at-20.15.59-1.jpeg 1600w\" sizes=\"(max-width: 1024px) 100vw, 1024px\" \/><figcaption class=\"wp-element-caption\">Acompanhamento pedag\u00f3gico<\/figcaption><\/figure><\/div>\n\n<div class=\"wp-block-image\">\n<figure class=\"aligncenter size-large\"><img decoding=\"async\" loading=\"lazy\" width=\"1024\" height=\"768\" src=\"http:\/\/entrepaginas.letras.ufmg.br\/wp-content\/uploads\/2020\/06\/d40f7153-8655-45dc-815d-bc714d5e93dc-1024x768.jpg\" alt=\"\" class=\"wp-image-49\" srcset=\"http:\/\/entrepaginas.letras.ufmg.br\/wp-content\/uploads\/2020\/06\/d40f7153-8655-45dc-815d-bc714d5e93dc-1024x768.jpg 1024w, http:\/\/entrepaginas.letras.ufmg.br\/wp-content\/uploads\/2020\/06\/d40f7153-8655-45dc-815d-bc714d5e93dc-300x225.jpg 300w, http:\/\/entrepaginas.letras.ufmg.br\/wp-content\/uploads\/2020\/06\/d40f7153-8655-45dc-815d-bc714d5e93dc-768x576.jpg 768w, http:\/\/entrepaginas.letras.ufmg.br\/wp-content\/uploads\/2020\/06\/d40f7153-8655-45dc-815d-bc714d5e93dc-80x60.jpg 80w, http:\/\/entrepaginas.letras.ufmg.br\/wp-content\/uploads\/2020\/06\/d40f7153-8655-45dc-815d-bc714d5e93dc.jpg 1280w\" sizes=\"(max-width: 1024px) 100vw, 1024px\" \/><figcaption class=\"wp-element-caption\">Interven\u00e7\u00e3o no leito pela equipe Entre P\u00e1ginas, 2019<\/figcaption><\/figure><\/div>\n\n<div class=\"wp-block-image\">\n<figure class=\"aligncenter size-large\"><img decoding=\"async\" loading=\"lazy\" width=\"1024\" height=\"768\" src=\"http:\/\/entrepaginas.letras.ufmg.br\/wp-content\/uploads\/2020\/06\/3fea5fa7-86eb-40cf-add6-bba6f9aa14e2-1024x768.jpg\" alt=\"\" class=\"wp-image-50\" srcset=\"http:\/\/entrepaginas.letras.ufmg.br\/wp-content\/uploads\/2020\/06\/3fea5fa7-86eb-40cf-add6-bba6f9aa14e2-1024x768.jpg 1024w, http:\/\/entrepaginas.letras.ufmg.br\/wp-content\/uploads\/2020\/06\/3fea5fa7-86eb-40cf-add6-bba6f9aa14e2-300x225.jpg 300w, http:\/\/entrepaginas.letras.ufmg.br\/wp-content\/uploads\/2020\/06\/3fea5fa7-86eb-40cf-add6-bba6f9aa14e2-768x576.jpg 768w, http:\/\/entrepaginas.letras.ufmg.br\/wp-content\/uploads\/2020\/06\/3fea5fa7-86eb-40cf-add6-bba6f9aa14e2-80x60.jpg 80w, http:\/\/entrepaginas.letras.ufmg.br\/wp-content\/uploads\/2020\/06\/3fea5fa7-86eb-40cf-add6-bba6f9aa14e2.jpg 1280w\" sizes=\"(max-width: 1024px) 100vw, 1024px\" \/><figcaption class=\"wp-element-caption\">Equipe e volunt\u00e1rios do Entre P\u00e1ginas, 2019<\/figcaption><\/figure><\/div>\n\n<div class=\"wp-block-image\">\n<figure class=\"aligncenter size-large\"><img decoding=\"async\" loading=\"lazy\" width=\"1024\" height=\"768\" src=\"http:\/\/entrepaginas.letras.ufmg.br\/wp-content\/uploads\/2020\/06\/98c1d3d4-f1f9-49f6-b550-ec151bfce930-1024x768.jpg\" alt=\"\" class=\"wp-image-51\" srcset=\"http:\/\/entrepaginas.letras.ufmg.br\/wp-content\/uploads\/2020\/06\/98c1d3d4-f1f9-49f6-b550-ec151bfce930-1024x768.jpg 1024w, http:\/\/entrepaginas.letras.ufmg.br\/wp-content\/uploads\/2020\/06\/98c1d3d4-f1f9-49f6-b550-ec151bfce930-300x225.jpg 300w, http:\/\/entrepaginas.letras.ufmg.br\/wp-content\/uploads\/2020\/06\/98c1d3d4-f1f9-49f6-b550-ec151bfce930-768x576.jpg 768w, http:\/\/entrepaginas.letras.ufmg.br\/wp-content\/uploads\/2020\/06\/98c1d3d4-f1f9-49f6-b550-ec151bfce930-80x60.jpg 80w, http:\/\/entrepaginas.letras.ufmg.br\/wp-content\/uploads\/2020\/06\/98c1d3d4-f1f9-49f6-b550-ec151bfce930.jpg 1280w\" sizes=\"(max-width: 1024px) 100vw, 1024px\" \/><figcaption class=\"wp-element-caption\">Interven\u00e7\u00e3o no leito pela equipe Entre P\u00e1ginas, 2019<\/figcaption><\/figure><\/div>\n\n<div class=\"wp-block-image\">\n<figure class=\"aligncenter size-large\"><img decoding=\"async\" loading=\"lazy\" width=\"1024\" height=\"576\" src=\"http:\/\/entrepaginas.letras.ufmg.br\/wp-content\/uploads\/2020\/06\/foto-ateli\u00ea-1024x576.jpg\" alt=\"\" class=\"wp-image-52\" srcset=\"http:\/\/entrepaginas.letras.ufmg.br\/wp-content\/uploads\/2020\/06\/foto-ateli\u00ea-1024x576.jpg 1024w, http:\/\/entrepaginas.letras.ufmg.br\/wp-content\/uploads\/2020\/06\/foto-ateli\u00ea-300x169.jpg 300w, http:\/\/entrepaginas.letras.ufmg.br\/wp-content\/uploads\/2020\/06\/foto-ateli\u00ea-768x432.jpg 768w, http:\/\/entrepaginas.letras.ufmg.br\/wp-content\/uploads\/2020\/06\/foto-ateli\u00ea-107x60.jpg 107w, http:\/\/entrepaginas.letras.ufmg.br\/wp-content\/uploads\/2020\/06\/foto-ateli\u00ea.jpg 1280w\" sizes=\"(max-width: 1024px) 100vw, 1024px\" \/><figcaption class=\"wp-element-caption\">Ateli\u00ea de Empagina\u00e7\u00e3o na FALE UFMG, 2022<\/figcaption><\/figure><\/div>\n\n<div class=\"wp-block-image\">\n<figure class=\"aligncenter size-large is-resized\"><img decoding=\"async\" loading=\"lazy\" src=\"http:\/\/entrepaginas.letras.ufmg.br\/wp-content\/uploads\/2020\/06\/FB_IMG_1565221504011.jpg\" alt=\"\" class=\"wp-image-53\" width=\"845\" height=\"563\" srcset=\"http:\/\/entrepaginas.letras.ufmg.br\/wp-content\/uploads\/2020\/06\/FB_IMG_1565221504011.jpg 720w, http:\/\/entrepaginas.letras.ufmg.br\/wp-content\/uploads\/2020\/06\/FB_IMG_1565221504011-300x200.jpg 300w, http:\/\/entrepaginas.letras.ufmg.br\/wp-content\/uploads\/2020\/06\/FB_IMG_1565221504011-90x60.jpg 90w\" sizes=\"(max-width: 845px) 100vw, 845px\" \/><figcaption class=\"wp-element-caption\">Volunt\u00e1rios empaginando os livros<\/figcaption><\/figure><\/div>\n\n<div class=\"wp-block-image\">\n<figure class=\"aligncenter size-large is-resized\"><img decoding=\"async\" loading=\"lazy\" src=\"http:\/\/entrepaginas.letras.ufmg.br\/wp-content\/uploads\/2020\/06\/thumbnail_FB_IMG_1565221477970.jpg\" alt=\"\" class=\"wp-image-54\" width=\"875\" height=\"583\" srcset=\"http:\/\/entrepaginas.letras.ufmg.br\/wp-content\/uploads\/2020\/06\/thumbnail_FB_IMG_1565221477970.jpg 720w, http:\/\/entrepaginas.letras.ufmg.br\/wp-content\/uploads\/2020\/06\/thumbnail_FB_IMG_1565221477970-300x200.jpg 300w, http:\/\/entrepaginas.letras.ufmg.br\/wp-content\/uploads\/2020\/06\/thumbnail_FB_IMG_1565221477970-90x60.jpg 90w\" sizes=\"(max-width: 875px) 100vw, 875px\" \/><figcaption class=\"wp-element-caption\">Interven\u00e7\u00e3o em escolas, 2019<\/figcaption><\/figure><\/div>\n\n<div class=\"wp-block-image\">\n<figure class=\"aligncenter size-large\"><img decoding=\"async\" loading=\"lazy\" width=\"1024\" height=\"768\" src=\"http:\/\/entrepaginas.letras.ufmg.br\/wp-content\/uploads\/2025\/04\/25.03.25-1024x768.jpg\" alt=\"\" class=\"wp-image-935\" srcset=\"http:\/\/entrepaginas.letras.ufmg.br\/wp-content\/uploads\/2025\/04\/25.03.25-1024x768.jpg 1024w, http:\/\/entrepaginas.letras.ufmg.br\/wp-content\/uploads\/2025\/04\/25.03.25-300x225.jpg 300w, http:\/\/entrepaginas.letras.ufmg.br\/wp-content\/uploads\/2025\/04\/25.03.25-768x576.jpg 768w, http:\/\/entrepaginas.letras.ufmg.br\/wp-content\/uploads\/2025\/04\/25.03.25-1536x1152.jpg 1536w, http:\/\/entrepaginas.letras.ufmg.br\/wp-content\/uploads\/2025\/04\/25.03.25-80x60.jpg 80w, http:\/\/entrepaginas.letras.ufmg.br\/wp-content\/uploads\/2025\/04\/25.03.25.jpg 1600w\" sizes=\"(max-width: 1024px) 100vw, 1024px\" \/><figcaption class=\"wp-element-caption\">XXXV Ateli\u00ea de Empagina\u00e7\u00e3o na FALE UFMG, 2025<\/figcaption><\/figure><\/div>\n\n<div class=\"wp-block-image\">\n<figure class=\"aligncenter size-large\"><img decoding=\"async\" loading=\"lazy\" width=\"768\" height=\"1024\" src=\"http:\/\/entrepaginas.letras.ufmg.br\/wp-content\/uploads\/2025\/04\/chc-768x1024.jpg\" alt=\"\" class=\"wp-image-964\" srcset=\"http:\/\/entrepaginas.letras.ufmg.br\/wp-content\/uploads\/2025\/04\/chc-768x1024.jpg 768w, http:\/\/entrepaginas.letras.ufmg.br\/wp-content\/uploads\/2025\/04\/chc-225x300.jpg 225w, http:\/\/entrepaginas.letras.ufmg.br\/wp-content\/uploads\/2025\/04\/chc-45x60.jpg 45w, http:\/\/entrepaginas.letras.ufmg.br\/wp-content\/uploads\/2025\/04\/chc.jpg 960w\" sizes=\"(max-width: 768px) 100vw, 768px\" \/><figcaption class=\"wp-element-caption\">Media\u00e7\u00e3o de leitura ao leito do paciente, Hospital das Cl\u00ednicas UFMG<\/figcaption><\/figure><\/div>\n\n<div class=\"wp-block-image\">\n<figure class=\"aligncenter size-large\"><img decoding=\"async\" loading=\"lazy\" width=\"1024\" height=\"768\" src=\"http:\/\/entrepaginas.letras.ufmg.br\/wp-content\/uploads\/2025\/04\/parqhc-1024x768.jpg\" alt=\"\" class=\"wp-image-966\" srcset=\"http:\/\/entrepaginas.letras.ufmg.br\/wp-content\/uploads\/2025\/04\/parqhc-1024x768.jpg 1024w, http:\/\/entrepaginas.letras.ufmg.br\/wp-content\/uploads\/2025\/04\/parqhc-300x225.jpg 300w, http:\/\/entrepaginas.letras.ufmg.br\/wp-content\/uploads\/2025\/04\/parqhc-768x576.jpg 768w, http:\/\/entrepaginas.letras.ufmg.br\/wp-content\/uploads\/2025\/04\/parqhc-1536x1152.jpg 1536w, http:\/\/entrepaginas.letras.ufmg.br\/wp-content\/uploads\/2025\/04\/parqhc-80x60.jpg 80w, http:\/\/entrepaginas.letras.ufmg.br\/wp-content\/uploads\/2025\/04\/parqhc.jpg 1600w\" sizes=\"(max-width: 1024px) 100vw, 1024px\" \/><figcaption class=\"wp-element-caption\">Parquinho do Hospital das Cl\u00ednicas UFMG<\/figcaption><\/figure><\/div>\n\n<div class=\"wp-block-image\">\n<figure class=\"aligncenter size-large\"><img decoding=\"async\" loading=\"lazy\" width=\"768\" height=\"1024\" src=\"http:\/\/entrepaginas.letras.ufmg.br\/wp-content\/uploads\/2025\/04\/noshc-768x1024.jpg\" alt=\"\" class=\"wp-image-967\" srcset=\"http:\/\/entrepaginas.letras.ufmg.br\/wp-content\/uploads\/2025\/04\/noshc-768x1024.jpg 768w, http:\/\/entrepaginas.letras.ufmg.br\/wp-content\/uploads\/2025\/04\/noshc-225x300.jpg 225w, http:\/\/entrepaginas.letras.ufmg.br\/wp-content\/uploads\/2025\/04\/noshc-1152x1536.jpg 1152w, http:\/\/entrepaginas.letras.ufmg.br\/wp-content\/uploads\/2025\/04\/noshc-45x60.jpg 45w, http:\/\/entrepaginas.letras.ufmg.br\/wp-content\/uploads\/2025\/04\/noshc.jpg 1200w\" sizes=\"(max-width: 768px) 100vw, 768px\" \/><figcaption class=\"wp-element-caption\">Bolsistas PROEX 2025, Vict\u00f3ria e Ana<\/figcaption><\/figure><\/div>","protected":false},"excerpt":{"rendered":"<p>Bem-vindo ao nosso site!&nbsp; O \u201cEntre P\u00e1ginas\u201d \u00e9 um projeto de dissemina\u00e7\u00e3o de leitura liter\u00e1ria em ambiente hospitalar. \u00c9 coordenado pela Faculdade de Letras da Universidade Federal de Minas Gerais (FALE\/UFMG) e pelo Hospital de Cl\u00ednicas da UFMG localizado na Av. Prof. Alfredo Balena, 110 &#8211; Santa Efig\u00eania, Belo Horizonte. O projeto, no per\u00edodo de &hellip; <\/p>\n","protected":false},"author":1,"featured_media":0,"parent":0,"menu_order":0,"comment_status":"closed","ping_status":"closed","template":"","meta":[],"_links":{"self":[{"href":"http:\/\/entrepaginas.letras.ufmg.br\/index.php?rest_route=\/wp\/v2\/pages\/17"}],"collection":[{"href":"http:\/\/entrepaginas.letras.ufmg.br\/index.php?rest_route=\/wp\/v2\/pages"}],"about":[{"href":"http:\/\/entrepaginas.letras.ufmg.br\/index.php?rest_route=\/wp\/v2\/types\/page"}],"author":[{"embeddable":true,"href":"http:\/\/entrepaginas.letras.ufmg.br\/index.php?rest_route=\/wp\/v2\/users\/1"}],"replies":[{"embeddable":true,"href":"http:\/\/entrepaginas.letras.ufmg.br\/index.php?rest_route=%2Fwp%2Fv2%2Fcomments&post=17"}],"version-history":[{"count":15,"href":"http:\/\/entrepaginas.letras.ufmg.br\/index.php?rest_route=\/wp\/v2\/pages\/17\/revisions"}],"predecessor-version":[{"id":974,"href":"http:\/\/entrepaginas.letras.ufmg.br\/index.php?rest_route=\/wp\/v2\/pages\/17\/revisions\/974"}],"wp:attachment":[{"href":"http:\/\/entrepaginas.letras.ufmg.br\/index.php?rest_route=%2Fwp%2Fv2%2Fmedia&parent=17"}],"curies":[{"name":"wp","href":"https:\/\/api.w.org\/{rel}","templated":true}]}}