{"id":1012,"date":"2025-08-04T17:00:27","date_gmt":"2025-08-04T17:00:27","guid":{"rendered":"http:\/\/entrepaginas.letras.ufmg.br\/?page_id=1012"},"modified":"2025-08-04T17:03:21","modified_gmt":"2025-08-04T17:03:21","slug":"informacoes-para-doacoes-de-material","status":"publish","type":"page","link":"http:\/\/entrepaginas.letras.ufmg.br\/?page_id=1012","title":{"rendered":"Informa\u00e7\u00f5es para Doa\u00e7\u00f5es de Material"},"content":{"rendered":"\n<p>Agrade\u00e7emos qualquer forma de contribui\u00e7\u00e3o, principalmente doa\u00e7\u00e3o direta de Papel Contact. Receberemos tanto na Faculdade de Letras UFMG (agendar hor\u00e1rio com as bolsistas), quanto entregas para o endere\u00e7o: <\/p>\n\n\n\n<p>Rua dos Aerovi\u00e1rios, 184 &#8211; apto 702 Torre B &#8211; Aeroporto, Belo Horizonte &#8211; MG CEP: 31270-330 (Destinat\u00e1rio ANA MANARIN)<\/p>\n\n\n\n<p>Contato das bolsistas para agendamento e informa\u00e7\u00f5es:<\/p>\n\n\n\n<p>Ana: (11)99741-6747 \/ Vict\u00f3ria: (31)98603-0686<\/p>\n\n\n\n<p>Aos que doarem, n\u00e3o esque\u00e7am de nos informar o nome para a dedicat\u00f3ria via site e Instagram do projeto. Os que quiserem permanecer em anonimato, avisar.<\/p>\n","protected":false},"excerpt":{"rendered":"<p>Agrade\u00e7emos qualquer forma de contribui\u00e7\u00e3o, principalmente doa\u00e7\u00e3o direta de Papel Contact. Receberemos tanto na Faculdade de Letras UFMG (agendar hor\u00e1rio com as bolsistas), quanto entregas para o endere\u00e7o: Rua dos Aerovi\u00e1rios, 184 &#8211; apto 702 Torre B &#8211; Aeroporto, Belo Horizonte &#8211; MG CEP: 31270-330 (Destinat\u00e1rio ANA MANARIN) Contato das bolsistas para agendamento e informa\u00e7\u00f5es: &hellip; <\/p>\n","protected":false},"author":7,"featured_media":1013,"parent":0,"menu_order":0,"comment_status":"closed","ping_status":"closed","template":"","meta":[],"_links":{"self":[{"href":"http:\/\/entrepaginas.letras.ufmg.br\/index.php?rest_route=\/wp\/v2\/pages\/1012"}],"collection":[{"href":"http:\/\/entrepaginas.letras.ufmg.br\/index.php?rest_route=\/wp\/v2\/pages"}],"about":[{"href":"http:\/\/entrepaginas.letras.ufmg.br\/index.php?rest_route=\/wp\/v2\/types\/page"}],"author":[{"embeddable":true,"href":"http:\/\/entrepaginas.letras.ufmg.br\/index.php?rest_route=\/wp\/v2\/users\/7"}],"replies":[{"embeddable":true,"href":"http:\/\/entrepaginas.letras.ufmg.br\/index.php?rest_route=%2Fwp%2Fv2%2Fcomments&post=1012"}],"version-history":[{"count":1,"href":"http:\/\/entrepaginas.letras.ufmg.br\/index.php?rest_route=\/wp\/v2\/pages\/1012\/revisions"}],"predecessor-version":[{"id":1014,"href":"http:\/\/entrepaginas.letras.ufmg.br\/index.php?rest_route=\/wp\/v2\/pages\/1012\/revisions\/1014"}],"wp:featuredmedia":[{"embeddable":true,"href":"http:\/\/entrepaginas.letras.ufmg.br\/index.php?rest_route=\/wp\/v2\/media\/1013"}],"wp:attachment":[{"href":"http:\/\/entrepaginas.letras.ufmg.br\/index.php?rest_route=%2Fwp%2Fv2%2Fmedia&parent=1012"}],"curies":[{"name":"wp","href":"https:\/\/api.w.org\/{rel}","templated":true}]}}